{"id":544,"date":"2024-07-19T14:08:03","date_gmt":"2024-07-19T14:08:03","guid":{"rendered":"https:\/\/bagnet.info\/?page_id=544"},"modified":"2026-04-24T13:07:43","modified_gmt":"2026-04-24T13:07:43","slug":"exhibitions","status":"publish","type":"page","link":"https:\/\/bagnet.info\/?page_id=544","title":{"rendered":"EXHIBITIONS"},"content":{"rendered":"\t\t<div data-elementor-type=\"wp-page\" data-elementor-id=\"544\" class=\"elementor elementor-544\">\n\t\t\t\t\t\t\t\t\t<section class=\"elementor-section elementor-top-section elementor-element elementor-element-59dd262f elementor-section-boxed elementor-section-height-default elementor-section-height-default\" data-id=\"59dd262f\" data-element_type=\"section\">\n\t\t\t\t\t\t<div class=\"elementor-container elementor-column-gap-default\">\n\t\t\t\t\t<div class=\"elementor-column elementor-col-100 elementor-top-column elementor-element elementor-element-40b5ef6f\" data-id=\"40b5ef6f\" data-element_type=\"column\">\n\t\t\t<div class=\"elementor-widget-wrap elementor-element-populated\">\n\t\t\t\t\t\t\t\t<div class=\"elementor-element elementor-element-4ae0f8e9 elementor-widget elementor-widget-text-editor\" data-id=\"4ae0f8e9\" data-element_type=\"widget\" data-widget_type=\"text-editor.default\">\n\t\t\t\t<div class=\"elementor-widget-container\">\n\t\t\t<style>\/*! elementor - v3.18.0 - 20-12-2023 *\/\n.elementor-widget-text-editor.elementor-drop-cap-view-stacked .elementor-drop-cap{background-color:#69727d;color:#fff}.elementor-widget-text-editor.elementor-drop-cap-view-framed .elementor-drop-cap{color:#69727d;border:3px solid;background-color:transparent}.elementor-widget-text-editor:not(.elementor-drop-cap-view-default) .elementor-drop-cap{margin-top:8px}.elementor-widget-text-editor:not(.elementor-drop-cap-view-default) .elementor-drop-cap-letter{width:1em;height:1em}.elementor-widget-text-editor .elementor-drop-cap{float:left;text-align:center;line-height:1;font-size:50px}.elementor-widget-text-editor .elementor-drop-cap-letter{display:inline-block}<\/style>\t\t\t\t<p><strong>Indivial<\/strong><\/p>\n<p><!-- \/wp:paragraph --><\/p>\n<p><!-- wp:list --><\/p>\n<ul>\n<li style=\"list-style-type: none;\">\n<ul><!-- wp:list-item --><\/ul>\n<\/li>\n<\/ul>\n<ul>\n<li style=\"list-style-type: none;\">\n<ul>\n<li>2024 &#8211; &#8222;L&#8217;ennui dans l&#8217;espace&#8221;, l&#8217;Estampille, Bruxelles<\/li>\n<\/ul>\n<\/li>\n<\/ul>\n<p><!-- \/wp:list-item --><\/p>\n<p><!-- wp:list-item --><\/p>\n<ul>\n<li style=\"list-style-type: none;\">\n<ul>\n<li>2022 &#8211; &#8222;Immunosuppresseurs d&#8217;imagination&#8221;, l&#8217;Estampille, Bruxelles<\/li>\n<\/ul>\n<\/li>\n<\/ul>\n<p><!-- \/wp:list-item --><\/p>\n<p><!-- wp:list-item --><\/p>\n<ul>\n<li style=\"list-style-type: none;\">\n<ul>\n<li>2016 &#8211; &#8222;Vins bon march\u00e9 et jazz&#8221; Club des journalistes Pod Gruszk\u0105 Cracovie<\/li>\n<\/ul>\n<\/li>\n<\/ul>\n<p><!-- \/wp:list-item --><\/p>\n<p><!-- wp:list-item --><\/p>\n<ul>\n<li style=\"list-style-type: none;\">\n<ul>\n<li>2015 &#8211; Galerie Artpub &#8222;Blaszki&#8221; (exposition virtuelle)&nbsp;<\/li>\n<\/ul>\n<\/li>\n<\/ul>\n<p><!-- \/wp:list-item --><\/p>\n<p><!-- wp:list-item --><\/p>\n<ul>\n<li style=\"list-style-type: none;\">\n<ul>\n<li>2000 &#8211; Galeria Pod R\u0105k\u0105, Cracovie&nbsp;<\/li>\n<\/ul>\n<\/li>\n<\/ul>\n<p><!-- \/wp:list-item --><\/p>\n<p><!-- wp:list-item --><\/p>\n<ul>\n<li style=\"list-style-type: none;\">\n<ul>\n<li>1998 &#8211; Galerie de la Facult\u00e9 Histoire de l&#8217;art KUL, Lublin<\/li>\n<\/ul>\n<\/li>\n<\/ul>\n<p><b style=\"color: var( --e-global-color-text ); font-size: 14px;\">&nbsp;<\/b><\/p>\n<p><b style=\"color: var( --e-global-color-text ); font-size: 14px;\">Collectif<\/b><\/p>\n<p><!-- \/wp:list-item --><\/p>\n<p><!-- wp:list-item --><\/p>\n<ul>\n<li style=\"list-style-type: none;\">\n<ul>\n<li>2025<br>&#8211; Mini Print Internacional Reus Fortuny 2025&nbsp;<span style=\"color: rgb(0, 0, 0); font-family: &quot;Open Sans&quot;, Arial, Verdana, sans-serif; font-size: 14px; font-style: normal; font-variant-ligatures: normal; font-variant-caps: normal; font-weight: 400;\"><br><\/span>&#8211; Miedzynarodowy Konkurs Malej Formy Graficznej i Ekslibrysu, Ostrow Wielkopolski PL<br>&#8211; Carte de Visite, Bruxelles<br><br><\/li>\n<li>2024 <br>&#8211; HOSTING-artists from Brussels &amp; periphery, Centrale for Contemporart Art,Bruxelles<br>&#8211;&nbsp;<span style=\"color: #000000;\">2 International Mini Print Galicia&nbsp;<\/span><br>&#8211; V Muestra Virtual del Grabado 2024, Centro Cultural Esquel Melipal, Argentina<br>&#8211; Carte de Visite, Bruxelles<\/li>\n<\/ul>\n<\/li>\n<\/ul>\n<p><!-- \/wp:list-item --><\/p>\n<p><!-- wp:list-item --><\/p>\n<ul>\n<li style=\"list-style-type: none;\">\n<ul>\n<li>2023 &#8211; Mes Del Grabado 4t\u00aa Muestra virtual del grabado, internacional, Patagonie Argentine<\/li>\n<\/ul>\n<\/li>\n<\/ul>\n<p><!-- \/wp:list-item --><\/p>\n<p><!-- wp:list-item --><\/p>\n<ul>\n<li style=\"list-style-type: none;\">\n<ul>\n<li>2022 &#8211; Libert\u00e9, Institut Cr\u00e9ole, Fribourg, Suisse<\/li>\n<\/ul>\n<\/li>\n<\/ul>\n<p><!-- \/wp:list-item --><\/p>\n<p><!-- wp:list-item --><\/p>\n<ul>\n<li style=\"list-style-type: none;\">\n<ul>\n<li>2022 &#8211; Carte de Visite, Bruxelles<\/li>\n<\/ul>\n<\/li>\n<\/ul>\n<p><!-- \/wp:list-item --><\/p>\n<p><!-- wp:list-item --><\/p>\n<ul>\n<li style=\"list-style-type: none;\">\n<ul>\n<li>2021 &#8211; Silver Corb&#8221; \u00e0 la deuxi\u00e8me triennale internationale de mini-impressions &#8222;Intaglio&#8221; Kiev, Ukraine<\/li>\n<\/ul>\n<\/li>\n<\/ul>\n<p><!-- \/wp:list-item --><\/p>\n<p><!-- wp:list-item --><\/p>\n<ul>\n<li style=\"list-style-type: none;\">\n<ul>\n<li>2014 &#8211; WPA, Duszniki Zdroj<\/li>\n<\/ul>\n<\/li>\n<\/ul>\n<p><!-- \/wp:list-item --><\/p>\n<p><!-- wp:list-item --><\/p>\n<ul>\n<li style=\"list-style-type: none;\">\n<ul>\n<li>2002 &#8211; Galerie Klakla, Fribourg, Suisse&nbsp;<\/li>\n<\/ul>\n<\/li>\n<\/ul>\n<p><!-- \/wp:list-item --><\/p>\n<p><!-- wp:list-item --><\/p>\n<ul>\n<li style=\"list-style-type: none;\">\n<ul>\n<li>1993 &#8211; Galerie des Architectes, Cracovie\n<p>Plus d&#8217;une douzaine d&#8217;\u00e9changes graviure internationaux<\/p>\n<\/li>\n<\/ul>\n<\/li>\n<\/ul>\n<p><!-- \/wp:list-item --><\/p>\n<p><!-- \/wp:list --><\/p>\t\t\t\t\t\t<\/div>\n\t\t\t\t<\/div>\n\t\t\t\t\t<\/div>\n\t\t<\/div>\n\t\t\t\t\t\t\t<\/div>\n\t\t<\/section>\n\t\t\t\t\t\t\t<\/div>\n\t\t","protected":false},"excerpt":{"rendered":"<p>Indivial 2024 &#8211; &#8222;L&#8217;ennui dans l&#8217;espace&#8221;, l&#8217;Estampille, Bruxelles 2022 &#8211; &#8222;Immunosuppresseurs d&#8217;imagination&#8221;, l&#8217;Estampille, Bruxelles 2016 &#8211; &#8222;Vins bon march\u00e9 et jazz&#8221; Club des journalistes Pod Gruszk\u0105 Cracovie 2015 &#8211; Galerie Artpub &#8222;Blaszki&#8221; (exposition virtuelle)&nbsp; 2000 &#8211; Galeria Pod R\u0105k\u0105, Cracovie&nbsp; 1998 &#8211; Galerie de la Facult\u00e9 Histoire de l&#8217;art KUL, Lublin &nbsp; Collectif 2025&#8211; Mini [&hellip;]<\/p>\n","protected":false},"author":1,"featured_media":0,"parent":0,"menu_order":0,"comment_status":"closed","ping_status":"closed","template":"","meta":{"ocean_post_layout":"","ocean_both_sidebars_style":"","ocean_both_sidebars_content_width":0,"ocean_both_sidebars_sidebars_width":0,"ocean_sidebar":"","ocean_second_sidebar":"","ocean_disable_margins":"enable","ocean_add_body_class":"","ocean_shortcode_before_top_bar":"","ocean_shortcode_after_top_bar":"","ocean_shortcode_before_header":"","ocean_shortcode_after_header":"","ocean_has_shortcode":"","ocean_shortcode_after_title":"","ocean_shortcode_before_footer_widgets":"","ocean_shortcode_after_footer_widgets":"","ocean_shortcode_before_footer_bottom":"","ocean_shortcode_after_footer_bottom":"","ocean_display_top_bar":"default","ocean_display_header":"default","ocean_header_style":"","ocean_center_header_left_menu":"","ocean_custom_header_template":"","ocean_custom_logo":0,"ocean_custom_retina_logo":0,"ocean_custom_logo_max_width":0,"ocean_custom_logo_tablet_max_width":0,"ocean_custom_logo_mobile_max_width":0,"ocean_custom_logo_max_height":0,"ocean_custom_logo_tablet_max_height":0,"ocean_custom_logo_mobile_max_height":0,"ocean_header_custom_menu":"","ocean_menu_typo_font_family":"","ocean_menu_typo_font_subset":"","ocean_menu_typo_font_size":0,"ocean_menu_typo_font_size_tablet":0,"ocean_menu_typo_font_size_mobile":0,"ocean_menu_typo_font_size_unit":"px","ocean_menu_typo_font_weight":"","ocean_menu_typo_font_weight_tablet":"","ocean_menu_typo_font_weight_mobile":"","ocean_menu_typo_transform":"","ocean_menu_typo_transform_tablet":"","ocean_menu_typo_transform_mobile":"","ocean_menu_typo_line_height":0,"ocean_menu_typo_line_height_tablet":0,"ocean_menu_typo_line_height_mobile":0,"ocean_menu_typo_line_height_unit":"","ocean_menu_typo_spacing":0,"ocean_menu_typo_spacing_tablet":0,"ocean_menu_typo_spacing_mobile":0,"ocean_menu_typo_spacing_unit":"","ocean_menu_link_color":"","ocean_menu_link_color_hover":"","ocean_menu_link_color_active":"","ocean_menu_link_background":"","ocean_menu_link_hover_background":"","ocean_menu_link_active_background":"","ocean_menu_social_links_bg":"","ocean_menu_social_hover_links_bg":"","ocean_menu_social_links_color":"","ocean_menu_social_hover_links_color":"","ocean_disable_title":"default","ocean_disable_heading":"default","ocean_post_title":"","ocean_post_subheading":"","ocean_post_title_style":"","ocean_post_title_background_color":"","ocean_post_title_background":0,"ocean_post_title_bg_image_position":"","ocean_post_title_bg_image_attachment":"","ocean_post_title_bg_image_repeat":"","ocean_post_title_bg_image_size":"","ocean_post_title_height":0,"ocean_post_title_bg_overlay":0.5,"ocean_post_title_bg_overlay_color":"","ocean_disable_breadcrumbs":"default","ocean_breadcrumbs_color":"","ocean_breadcrumbs_separator_color":"","ocean_breadcrumbs_links_color":"","ocean_breadcrumbs_links_hover_color":"","ocean_display_footer_widgets":"default","ocean_display_footer_bottom":"default","ocean_custom_footer_template":"","footnotes":""},"class_list":["post-544","page","type-page","status-publish","hentry","entry"],"_links":{"self":[{"href":"https:\/\/bagnet.info\/index.php?rest_route=\/wp\/v2\/pages\/544","targetHints":{"allow":["GET"]}}],"collection":[{"href":"https:\/\/bagnet.info\/index.php?rest_route=\/wp\/v2\/pages"}],"about":[{"href":"https:\/\/bagnet.info\/index.php?rest_route=\/wp\/v2\/types\/page"}],"author":[{"embeddable":true,"href":"https:\/\/bagnet.info\/index.php?rest_route=\/wp\/v2\/users\/1"}],"replies":[{"embeddable":true,"href":"https:\/\/bagnet.info\/index.php?rest_route=%2Fwp%2Fv2%2Fcomments&post=544"}],"version-history":[{"count":13,"href":"https:\/\/bagnet.info\/index.php?rest_route=\/wp\/v2\/pages\/544\/revisions"}],"predecessor-version":[{"id":646,"href":"https:\/\/bagnet.info\/index.php?rest_route=\/wp\/v2\/pages\/544\/revisions\/646"}],"wp:attachment":[{"href":"https:\/\/bagnet.info\/index.php?rest_route=%2Fwp%2Fv2%2Fmedia&parent=544"}],"curies":[{"name":"wp","href":"https:\/\/api.w.org\/{rel}","templated":true}]}}